{"id":34,"date":"2025-02-05T17:50:19","date_gmt":"2025-02-05T17:50:19","guid":{"rendered":"https:\/\/themexriver.com\/wp\/lawfy\/?page_id=34"},"modified":"2025-10-03T18:49:45","modified_gmt":"2025-10-03T18:49:45","slug":"nosotros","status":"publish","type":"page","link":"https:\/\/circulodeprevencioncriminal.com\/en\/nosotros\/","title":{"rendered":"Us"},"content":{"rendered":"<div data-elementor-type=\"wp-page\" data-elementor-id=\"34\" class=\"elementor elementor-34\" data-elementor-post-type=\"page\">\n\t\t\t\t\t\t<section class=\"elementor-section elementor-top-section elementor-element elementor-element-5adaa5d elementor-section-full_width elementor-section-height-default elementor-section-height-default\" data-id=\"5adaa5d\" data-element_type=\"section\">\n\t\t\t\t\t\t<div class=\"elementor-container elementor-column-gap-default\">\n\t\t\t\t\t<div class=\"elementor-column elementor-col-100 elementor-top-column elementor-element elementor-element-17e8e91\" data-id=\"17e8e91\" data-element_type=\"column\">\n\t\t\t<div class=\"elementor-widget-wrap elementor-element-populated\">\n\t\t\t\t\t\t<div class=\"elementor-element elementor-element-d6cc893 elementor-widget elementor-widget-tx_about elh-el tx_about\" data-id=\"d6cc893\" data-element_type=\"widget\" data-settings=\"{&quot;design_style&quot;:&quot;style_1&quot;}\" data-widget_type=\"tx_about.default\">\n\t\t\t\t<div class=\"elementor-widget-container\">\n\t\t\t\t\t<section class=\"lw-about-1-area pt-120 wa-p-relative tx-section\">\r\n\r\n        <img decoding=\"async\" class=\"lw-about-1-glow\"\r\n    src=\"https:\/\/circulodeprevencioncriminal.com\/wp-content\/uploads\/2025\/02\/a1-glow-1.webp\"\r\n    alt=\"a1-glow-1\">\r\n    \r\n    <div class=\"container lw-container-1\">\r\n        <div class=\"lw-about-1-wrap wa-p-relative\">\r\n                        <h2 class=\"lw-sec-big-title tx-big-title lw-split-1\">Us<\/h2>\r\n            \r\n            <div class=\"lw-about-1-content\">\r\n                <div class=\"lw-about-1-sec-title mb-30\">\r\n                                        <h6 class=\"lw-subtitle-1 tx-subTitle\">\r\n                                                                                    <img decoding=\"async\" class=\"wa-fadeInUp\" src=\"https:\/\/circulodeprevencioncriminal.com\/wp-content\/uploads\/2025\/02\/subtitle-1-icon.webp\" alt=\"subtitle-1-icon\">\r\n                                                        \r\n                        Welcome to the CPC                    <\/h6>\r\n                                        <h2 class=\"tx-title lw-sec-title-1 lw-split-2\">We are experts in criminal prevention.\n<\/h2>\r\n                                        <p class=\"lw-p-1 disc wa-fadeInUp tx-description\">\r\n                        We promote preventive security through education, consulting and criminal compliance, anticipating crime and building safer environments.\n                    <\/p>\r\n                                    <\/div>\r\n\r\n                <!-- feature -->\r\n                                <div class=\"lw-about-1-feature mb-55 wa-fadeInUp\">\r\n                                        <div class=\"lw-about-1-feature-single\">\r\n                                                <div class=\"icon\">\r\n                                                            <i aria-hidden=\"true\" class=\"flaticon flaticon-badge\"><\/i>                                                    <\/div>\r\n                        \r\n                                                <h5 class=\"lw-h-1 title\">legal experience  consulting<\/h5>\r\n                                            <\/div>\r\n                                        <div class=\"lw-about-1-feature-single\">\r\n                                                <div class=\"icon\">\r\n                                                            <i aria-hidden=\"true\" class=\"flaticon flaticon-web\"><\/i>                                                    <\/div>\r\n                        \r\n                                                <h5 class=\"lw-h-1 title\">Criminal Compliance Practices<\/h5>\r\n                                            <\/div>\r\n                                    <\/div>\r\n                \r\n                <div class=\"btn-wrap wa-fadeInUp\">\r\n                                        <p class=\"lw-p-1 disc-2\">\r\n                        Do you want to make an inquiry ?                    <\/p>\r\n                    \r\n                                        <a href=\"https:\/\/circulodeprevencioncriminal.com\/en\/contacto\/\"\r\n                    target=\"_self\"\r\n                    rel= \"\" aria-label=\"name\" class=\"lw-pr-btn-2 tx-button\">\r\n                                                <span class=\"icon-2\">\r\n                            <i aria-hidden=\"true\" class=\"fas fa-arrow-right\"><\/i>                        <\/span>\r\n                        \r\n                                                <span class=\"text\">Obtain a quote<\/span>\r\n                        \r\n                                                <span class=\"icon\">\r\n                            <i aria-hidden=\"true\" class=\"fas fa-arrow-right\"><\/i>                        <\/span>\r\n                                            <\/a>\r\n                                    <\/div>\r\n            <\/div>\r\n\r\n            <div class=\"lw-about-1-right\">\r\n                                <div class=\"lw-about-1-img\">\r\n                    <img decoding=\"async\" class=\"wow slideInUp\"\r\n                    src=\"https:\/\/circulodeprevencioncriminal.com\/wp-content\/uploads\/2025\/02\/a1-img-1.webp\"\r\n                    alt=\"a1-img-1\">\r\n                <\/div>\r\n                \r\n                                <div class=\"lw-about-1-circle-text\">\r\n                    <img decoding=\"async\"\r\n                    src=\"https:\/\/circulodeprevencioncriminal.com\/wp-content\/uploads\/2025\/02\/Circulo-de-Prevencion-Criminal-Logo-Vector.png\"\r\n                    alt=\"C\u00edrculo de Prevenci\u00f3n Criminal &#8211; Logo Vector\">\r\n                <\/div>\r\n                \r\n                                <div class=\"circle-shape object\" data-value=\"5\"><\/div>\r\n                <div class=\"circle-shape-2 object\" data-value=\"7\"><\/div>\r\n                <div class=\"circle-shape-3 object\" data-value=\"2\"><\/div>\r\n                            <\/div>\r\n        <\/div>\r\n\r\n        <div class=\"lw-cta-1-wrap wa-fix\">\r\n                        <div class=\"main-img wa-fix wa-img-cover wa-fix wa-img-cover\">\r\n                <img decoding=\"async\"\r\n                src=\"https:\/\/circulodeprevencioncriminal.com\/wp-content\/uploads\/2025\/09\/Lic.-Jorge-Ruiz-Canto-Circulo-de-Prevencion-Criminal-Panama.png\"\r\n                alt=\"Lic. Jorge Ruiz Canto &#8211; C\u00edrculo de Prevenci\u00f3n Criminal &#8211; Panam\u00e1\">\r\n            <\/div>\r\n            \r\n            <div class=\"lw-cta-1-flex\">\r\n\r\n                <div class=\"lw-cta-1-content\">\r\n                                        <h4 class=\"lw-h-1 title\">\r\n                        We anticipate risks and prevent crime                    <\/h4>\r\n                    \r\n                                        <p class=\"lw-p-1 name\">\r\n                                                <span>\r\n                            Criminal Prevention Circle                        <\/span>\r\n                                                Executive Team &amp; Founders                    <\/p>\r\n                                    <\/div>\r\n\r\n                \r\n                                <div class=\"lw-cta-1-icon\">\r\n                    <i aria-hidden=\"true\" class=\"flaticon flaticon-contact-us\"><\/i>                <\/div>\r\n                \r\n                <div class=\"lw-cta-1-content-2\">\r\n                                        <h4 class=\"lw-h-1 title\">We Are Here To Assist You<\/h4>\r\n                                        <div class=\"lw-p-1 name\">\r\n                        <p>Contact today at: (+507) 6212-2205 or write to us<\/p>                    <\/div>\r\n                <\/div>\r\n                \r\n            <\/div>\r\n        <\/div>\r\n    <\/div>\r\n<\/section>\t\t\t\t<\/div>\n\t\t\t\t<\/div>\n\t\t\t\t\t<\/div>\n\t\t<\/div>\n\t\t\t\t\t<\/div>\n\t\t<\/section>\n\t\t\t\t<section class=\"elementor-section elementor-top-section elementor-element elementor-element-775f1de elementor-section-full_width elementor-section-height-default elementor-section-height-default\" data-id=\"775f1de\" data-element_type=\"section\">\n\t\t\t\t\t\t<div class=\"elementor-container elementor-column-gap-default\">\n\t\t\t\t\t<div class=\"elementor-column elementor-col-100 elementor-top-column elementor-element elementor-element-227d974\" data-id=\"227d974\" data-element_type=\"column\">\n\t\t\t<div class=\"elementor-widget-wrap elementor-element-populated\">\n\t\t\t\t\t\t<div class=\"elementor-element elementor-element-9c6e3ab elementor-widget elementor-widget-tx_tabs elh-el tx_tabs\" data-id=\"9c6e3ab\" data-element_type=\"widget\" data-settings=\"{&quot;design_style&quot;:&quot;style_2&quot;}\" data-widget_type=\"tx_tabs.default\">\n\t\t\t\t<div class=\"elementor-widget-container\">\n\t\t\t\t\t<section class=\"lw-work-5-area pt-145 pb-160 wa-p-relative wa-fix tx-section\">\r\n\r\n    <div class=\"lw-work-5-bg-shape\"><\/div>\r\n    <div class=\"lw-work-5-bg-shape-2\"><\/div>\r\n\r\n    <div class=\"container lw-container-1\">\r\n        <div class=\"lw-work-5-wrap wa-p-relative\">\r\n                        <h2 class=\"lw-sec-big-title lw-split-1\">Historia<\/h2>\r\n                        <!-- section-title -->\r\n            <div class=\"lw-work-5-sec-title mb-50 text-center\">\r\n                                <h6 class=\"lw-subtitle-1\">\r\n                                                                    <img decoding=\"async\" class=\"wa-fadeInUp\" src=\"https:\/\/circulodeprevencioncriminal.com\/wp-content\/uploads\/2025\/02\/subtitle-1-icon-white.webp\" alt=\"subtitle-1-icon-white\">\r\n                                                \r\n                    Our history                <\/h6>\r\n                \r\n                <h2 class=\"tx-title lw-sec-title-1 lw-split-2\">Nuestra Historia y Crecimiento<\/h2>            <\/div>\r\n\r\n            <div class=\"lw-work-5-tabs-btn mb-40\" role=\"tablist\">\r\n                                <button class=\"nav-link lw-p-1\" id=\"projectTab-0_2747\"\r\n                data-bs-toggle=\"tab\"\r\n                data-bs-target=\"#tab-0_2747\"\r\n                type=\"button\"\r\n                role=\"tab\"\r\n                aria-controls=\"tab-0_2747\"\r\n                aria-selected=\"false\"\r\n                name=\"Button\"\r\n                aria-label=\"Button\">\r\n                    2023                <\/button>\r\n                                <button class=\"nav-link lw-p-1\" id=\"projectTab-1_2747\"\r\n                data-bs-toggle=\"tab\"\r\n                data-bs-target=\"#tab-1_2747\"\r\n                type=\"button\"\r\n                role=\"tab\"\r\n                aria-controls=\"tab-1_2747\"\r\n                aria-selected=\"false\"\r\n                name=\"Button\"\r\n                aria-label=\"Button\">\r\n                    2024                <\/button>\r\n                                <button class=\"nav-link lw-p-1\" id=\"projectTab-2_2747\"\r\n                data-bs-toggle=\"tab\"\r\n                data-bs-target=\"#tab-2_2747\"\r\n                type=\"button\"\r\n                role=\"tab\"\r\n                aria-controls=\"tab-2_2747\"\r\n                aria-selected=\"false\"\r\n                name=\"Button\"\r\n                aria-label=\"Button\">\r\n                    2025                <\/button>\r\n                            <\/div>\r\n\r\n            <div class=\"tab-content lw-work-5-tabs-pane\">\r\n                                <div class=\"tab-pane fade fadeInUp animated\"\r\n                id=\"tab-0_2747\"\r\n                role=\"tabpanel\"\r\n                aria-labelledby=\"projectTab-0_2747\">\r\n                    <div class=\"lw-work-5-item\">\r\n                        <div class=\"left-side wa-p-relative\">\r\n                                                        <div class=\"item-img wa-fix wa-img-cover\">\r\n                                <img decoding=\"async\" src=\"https:\/\/circulodeprevencioncriminal.com\/wp-content\/uploads\/2025\/02\/t4-bg-img-1.webp\" alt=\"t4-bg-img-1\">\r\n                            <\/div>\r\n                            <div class=\"bg-color\"><\/div>\r\n                                                    <\/div>\r\n                        <div class=\"right-side\">\r\n                                                        <h3 class=\"lw-h-1 item-title\">Foundation of the Circle<\/h3>\r\n                            \r\n                                                        <p class=\"lw-p-1 item-disc\">In 2023 the Criminal Prevention Circle is born with the purpose of promoting preventive security through education, advisory, and criminal compliance programs, anticipating risks, preventing crimes, and building safer environments for society.<\/p>\r\n                                                    <\/div>\r\n                    <\/div>\r\n                <\/div>\r\n                                <div class=\"tab-pane fade fadeInUp animated\"\r\n                id=\"tab-1_2747\"\r\n                role=\"tabpanel\"\r\n                aria-labelledby=\"projectTab-1_2747\">\r\n                    <div class=\"lw-work-5-item\">\r\n                        <div class=\"left-side wa-p-relative\">\r\n                                                        <div class=\"item-img wa-fix wa-img-cover\">\r\n                                <img decoding=\"async\" src=\"https:\/\/circulodeprevencioncriminal.com\/wp-content\/uploads\/2025\/09\/Circulo-de-Prevencion-Criminal.png\" alt=\"Criminal Prevention Circle\">\r\n                            <\/div>\r\n                            <div class=\"bg-color\"><\/div>\r\n                                                    <\/div>\r\n                        <div class=\"right-side\">\r\n                                                        <h3 class=\"lw-h-1 item-title\">Consolidation of Programs<\/h3>\r\n                            \r\n                                                        <p class=\"lw-p-1 item-disc\">During 2024 the prevention programs are strengthened and the practice areas are expanded, offering legal consulting and specialized services. The organization reinforces its commitment to justice and the protection of rights, achieving greater social reach.<\/p>\r\n                                                    <\/div>\r\n                    <\/div>\r\n                <\/div>\r\n                                <div class=\"tab-pane fade fadeInUp animated\"\r\n                id=\"tab-2_2747\"\r\n                role=\"tabpanel\"\r\n                aria-labelledby=\"projectTab-2_2747\">\r\n                    <div class=\"lw-work-5-item\">\r\n                        <div class=\"left-side wa-p-relative\">\r\n                                                        <div class=\"item-img wa-fix wa-img-cover\">\r\n                                <img decoding=\"async\" src=\"https:\/\/circulodeprevencioncriminal.com\/wp-content\/uploads\/2025\/02\/s4-img-3.webp\" alt=\"s4-img-3\">\r\n                            <\/div>\r\n                            <div class=\"bg-color\"><\/div>\r\n                                                    <\/div>\r\n                        <div class=\"right-side\">\r\n                                                        <h3 class=\"lw-h-1 item-title\">International Projection<\/h3>\r\n                            \r\n                                                        <p class=\"lw-p-1 item-disc\">In 2025, the Criminal Prevention Circle expands its projection with new strategic alliances. The work focuses on consolidating leadership in prevention, investigation, and advisory, marking a milestone in the region with professional standards of excellence.<\/p>\r\n                                                    <\/div>\r\n                    <\/div>\r\n                <\/div>\r\n                            <\/div>\r\n        <\/div>\r\n    <\/div>\r\n<\/section>\t\t\t\t<\/div>\n\t\t\t\t<\/div>\n\t\t\t\t\t<\/div>\n\t\t<\/div>\n\t\t\t\t\t<\/div>\n\t\t<\/section>\n\t\t\t\t<\/div>","protected":false},"excerpt":{"rendered":"<p>Nosotros Bienvenido al CPC Somos expertos en prevenci\u00f3n criminal. Promovemos la seguridad preventiva a trav\u00e9s de educaci\u00f3n, asesor\u00eda y cumplimiento penal, anticip\u00e1ndonos al delito y construyendo entornos m\u00e1s seguros. experiencia legal consultando Pr\u00e1cticas de Cumplimiento Penal \u00bfQuieres hacer una consulta ? obtener una cotizaci\u00f3n Anticipamos riesgos y prevenimos el delito. C\u00edrculo de Prevenci\u00f3n Criminal Equipo [&hellip;]<\/p>","protected":false},"author":1,"featured_media":0,"parent":0,"menu_order":0,"comment_status":"closed","ping_status":"closed","template":"elementor_header_footer","meta":{"inline_featured_image":false,"footnotes":""},"class_list":["post-34","page","type-page","status-publish","hentry"],"_links":{"self":[{"href":"https:\/\/circulodeprevencioncriminal.com\/en\/wp-json\/wp\/v2\/pages\/34","targetHints":{"allow":["GET"]}}],"collection":[{"href":"https:\/\/circulodeprevencioncriminal.com\/en\/wp-json\/wp\/v2\/pages"}],"about":[{"href":"https:\/\/circulodeprevencioncriminal.com\/en\/wp-json\/wp\/v2\/types\/page"}],"author":[{"embeddable":true,"href":"https:\/\/circulodeprevencioncriminal.com\/en\/wp-json\/wp\/v2\/users\/1"}],"replies":[{"embeddable":true,"href":"https:\/\/circulodeprevencioncriminal.com\/en\/wp-json\/wp\/v2\/comments?post=34"}],"version-history":[{"count":0,"href":"https:\/\/circulodeprevencioncriminal.com\/en\/wp-json\/wp\/v2\/pages\/34\/revisions"}],"wp:attachment":[{"href":"https:\/\/circulodeprevencioncriminal.com\/en\/wp-json\/wp\/v2\/media?parent=34"}],"curies":[{"name":"wp","href":"https:\/\/api.w.org\/{rel}","templated":true}]}}