{"id":44,"date":"2025-02-05T17:51:06","date_gmt":"2025-02-05T17:51:06","guid":{"rendered":"https:\/\/themexriver.com\/wp\/lawfy\/?page_id=44"},"modified":"2025-09-24T20:37:13","modified_gmt":"2025-09-24T20:37:13","slug":"contacto","status":"publish","type":"page","link":"https:\/\/circulodeprevencioncriminal.com\/en\/contacto\/","title":{"rendered":"contact"},"content":{"rendered":"<div data-elementor-type=\"wp-page\" data-elementor-id=\"44\" class=\"elementor elementor-44\" data-elementor-post-type=\"page\">\n\t\t\t\t\t\t<section class=\"elementor-section elementor-top-section elementor-element elementor-element-5e68ce0 elementor-section-full_width elementor-section-height-default elementor-section-height-default\" data-id=\"5e68ce0\" data-element_type=\"section\">\n\t\t\t\t\t\t<div class=\"elementor-container elementor-column-gap-default\">\n\t\t\t\t\t<div class=\"elementor-column elementor-col-100 elementor-top-column elementor-element elementor-element-c72a554\" data-id=\"c72a554\" data-element_type=\"column\">\n\t\t\t<div class=\"elementor-widget-wrap elementor-element-populated\">\n\t\t\t\t\t\t<div class=\"elementor-element elementor-element-cd1ef83 elementor-widget elementor-widget-tx_contact_form elh-el tx_contact_form\" data-id=\"cd1ef83\" data-element_type=\"widget\" data-settings=\"{&quot;design_style&quot;:&quot;style_2&quot;}\" data-widget_type=\"tx_contact_form.default\">\n\t\t\t\t<div class=\"elementor-widget-container\">\n\t\t\t\t\t<div class=\"lw-contact-page-area\">\r\n    <div class=\"container lw-container-1\">\r\n        <div class=\"lw-contact-page-wrap wa-p-relative\">\r\n                        <h2 class=\"lw-sec-big-title lw-split-1\">Contact Us<\/h2>\r\n                        <!-- contact-form -->\r\n            <div class=\"lw-contact-5-wrap\">\r\n                <!-- left-img -->\r\n                                <div class=\"lw-contact-5-img wa-img-cover wa-fix\">\r\n                    <img decoding=\"async\" src=\"https:\/\/circulodeprevencioncriminal.com\/wp-content\/uploads\/2025\/02\/cp-img-1.webp\" alt=\"cp-img-1\">\r\n                <\/div>\r\n                                <!-- right-form -->\r\n                <div class=\"lw-contact-5-form\">\r\n                                        <h6 class=\"lw-contact-5-form-title lw-h-1\">Contact Us - We are here to assist you<\/h6>\r\n                    \r\n                                        <div class=\"lw-contact-1-form lw-form-1 wa-p-relative d-block\">\r\n                        \n<div class=\"wpcf7 no-js\" id=\"wpcf7-f6591-o1\" lang=\"en-US\" dir=\"ltr\" data-wpcf7-id=\"6591\">\n<div class=\"screen-reader-response\"><p role=\"status\" aria-live=\"polite\" aria-atomic=\"true\"><\/p> <ul><\/ul><\/div>\n<form action=\"\/en\/wp-json\/wp\/v2\/pages\/44#wpcf7-f6591-o1\" method=\"post\" class=\"wpcf7-form init\" aria-label=\"Contact form\" novalidate=\"novalidate\" data-status=\"init\" data-trp-original-action=\"\/en\/wp-json\/wp\/v2\/pages\/44#wpcf7-f6591-o1\">\n<fieldset class=\"hidden-fields-container\"><input type=\"hidden\" name=\"_wpcf7\" value=\"6591\" \/><input type=\"hidden\" name=\"_wpcf7_version\" value=\"6.1.4\" \/><input type=\"hidden\" name=\"_wpcf7_locale\" value=\"en_US\" \/><input type=\"hidden\" name=\"_wpcf7_unit_tag\" value=\"wpcf7-f6591-o1\" \/><input type=\"hidden\" name=\"_wpcf7_container_post\" value=\"0\" \/><input type=\"hidden\" name=\"_wpcf7_posted_data_hash\" value=\"\" \/>\n<\/fieldset>\n<div class=\"row\">\n    <div class=\"col-lg-6\">\n        <div class=\"lw-form-1-item\">\n            <span class=\"wpcf7-form-control-wrap\" data-name=\"text-949\"><input size=\"40\" maxlength=\"400\" class=\"wpcf7-form-control wpcf7-text wpcf7-validates-as-required lw-form-1-item-input\" aria-required=\"true\" aria-invalid=\"false\" placeholder=\"Your name\" value=\"\" type=\"text\" name=\"text-949\" \/><\/span>\n        <\/div>\n    <\/div>\n    <div class=\"col-lg-6\">\n        <div class=\"lw-form-1-item\">\n            <span class=\"wpcf7-form-control-wrap\" data-name=\"email-949\"><input size=\"40\" maxlength=\"400\" class=\"wpcf7-form-control wpcf7-email wpcf7-validates-as-required wpcf7-text wpcf7-validates-as-email lw-form-1-item-input\" aria-required=\"true\" aria-invalid=\"false\" placeholder=\"Your email address\" value=\"\" type=\"email\" name=\"email-949\" \/><\/span>\n        <\/div>\n    <\/div>\n    <div class=\"col-lg-6\">\n        <div class=\"lw-form-1-item\">\n            <span class=\"wpcf7-form-control-wrap\" data-name=\"tel-949\"><input size=\"40\" maxlength=\"400\" class=\"wpcf7-form-control wpcf7-tel wpcf7-validates-as-required wpcf7-text wpcf7-validates-as-tel lw-form-1-item-input\" aria-required=\"true\" aria-invalid=\"false\" placeholder=\"Your phone number\" value=\"\" type=\"tel\" name=\"tel-949\" \/><\/span>\n        <\/div>\n    <\/div>\n    <div class=\"col-lg-6\">\n        <div class=\"lw-form-1-item\">\n            <span class=\"wpcf7-form-control-wrap\" data-name=\"text-950\"><input size=\"40\" maxlength=\"400\" class=\"wpcf7-form-control wpcf7-text wpcf7-validates-as-required lw-form-1-item-input\" aria-required=\"true\" aria-invalid=\"false\" placeholder=\"Subject\" value=\"\" type=\"text\" name=\"text-950\" \/><\/span>\n        <\/div>\n    <\/div>\n    <div class=\"col-lg-12\">\n        <div class=\"lw-form-1-item\">\n            <span class=\"wpcf7-form-control-wrap\" data-name=\"textarea-950\"><textarea cols=\"40\" rows=\"10\" maxlength=\"2000\" class=\"wpcf7-form-control wpcf7-textarea wpcf7-validates-as-required lw-form-1-item-input\" aria-required=\"true\" aria-invalid=\"false\" placeholder=\"Your message\" name=\"textarea-950\"><\/textarea><\/span>\n        <\/div>\n    <\/div>\n    <div class=\"col-lg-12\">\n        <div class=\"lw-form-1-item has-full-width\">\n            <div class=\"lw-form-1-item-checkbox\">\n                <input type=\"checkbox\" id=\"check-1\" aria-label=\"name\">\n                <label for=\"check-1\" class=\"lw-p-1\">Remember my data for future comments in this browser.<\/label>\n            <\/div>\n        <\/div>\n    <\/div>\n    <div class=\"col-lg-12\">\n        <div class=\"lw-form-1-item has-full-width pt-30\">\n            <button class=\"lw-pr-btn-1\" type=\"submit\" aria-label=\"name\">\n                <span class=\"text\">send message<\/span>\n                <span class=\"icon\">\n                    <i class=\"fa-solid fa-arrow-right\"><\/i>\n                <\/span>\n                <span class=\"icon-2\">\n                    <i class=\"fa-solid fa-arrow-right\"><\/i>\n                <\/span>\n            <\/button>\n        <\/div>\n    <\/div>\n<\/div><div class=\"wpcf7-response-output\" aria-hidden=\"true\"><\/div>\n<input type=\"hidden\" name=\"trp-form-language\" value=\"en\"\/><\/form>\n<\/div>\n                    <\/div>\r\n                                    <\/div>\r\n            <\/div>\r\n        <\/div>\r\n    <\/div>\r\n<\/div>\t\t\t\t<\/div>\n\t\t\t\t<\/div>\n\t\t\t\t\t<\/div>\n\t\t<\/div>\n\t\t\t\t\t<\/div>\n\t\t<\/section>\n\t\t\t\t<section class=\"elementor-section elementor-top-section elementor-element elementor-element-a3f4a97 elementor-section-boxed elementor-section-height-default elementor-section-height-default\" data-id=\"a3f4a97\" data-element_type=\"section\" data-settings=\"{&quot;background_background&quot;:&quot;classic&quot;}\">\n\t\t\t\t\t\t\t<div class=\"elementor-background-overlay\"><\/div>\n\t\t\t\t\t\t\t<div class=\"elementor-container elementor-column-gap-default\">\n\t\t\t\t\t<div class=\"elementor-column elementor-col-100 elementor-top-column elementor-element elementor-element-381e4ab\" data-id=\"381e4ab\" data-element_type=\"column\">\n\t\t\t<div class=\"elementor-widget-wrap elementor-element-populated\">\n\t\t\t\t\t\t<section class=\"elementor-section elementor-inner-section elementor-element elementor-element-e7d9088 elementor-section-boxed elementor-section-height-default elementor-section-height-default\" data-id=\"e7d9088\" data-element_type=\"section\">\n\t\t\t\t\t\t<div class=\"elementor-container elementor-column-gap-default\">\n\t\t\t\t\t<div class=\"elementor-column elementor-col-100 elementor-inner-column elementor-element elementor-element-f8e7953\" data-id=\"f8e7953\" data-element_type=\"column\">\n\t\t\t<div class=\"elementor-widget-wrap elementor-element-populated\">\n\t\t\t\t\t\t<div class=\"elementor-element elementor-element-b926d0e elementor-widget elementor-widget-heading\" data-id=\"b926d0e\" data-element_type=\"widget\" data-widget_type=\"heading.default\">\n\t\t\t\t<div class=\"elementor-widget-container\">\n\t\t\t\t\t<h6 class=\"elementor-heading-title elementor-size-default\">Address<\/h6>\t\t\t\t<\/div>\n\t\t\t\t<\/div>\n\t\t\t\t<div class=\"elementor-element elementor-element-de7292e elementor-widget elementor-widget-heading\" data-id=\"de7292e\" data-element_type=\"widget\" data-widget_type=\"heading.default\">\n\t\t\t\t<div class=\"elementor-widget-container\">\n\t\t\t\t\t<h6 class=\"elementor-heading-title elementor-size-default\">La Locer\u00eda, Calle Principal, Casa 50-C\n<\/h6>\t\t\t\t<\/div>\n\t\t\t\t<\/div>\n\t\t\t\t\t<\/div>\n\t\t<\/div>\n\t\t\t\t\t<\/div>\n\t\t<\/section>\n\t\t\t\t<section class=\"elementor-section elementor-inner-section elementor-element elementor-element-4e2133c elementor-section-boxed elementor-section-height-default elementor-section-height-default\" data-id=\"4e2133c\" data-element_type=\"section\">\n\t\t\t\t\t\t<div class=\"elementor-container elementor-column-gap-default\">\n\t\t\t\t\t<div class=\"elementor-column elementor-col-100 elementor-inner-column elementor-element elementor-element-225e384\" data-id=\"225e384\" data-element_type=\"column\">\n\t\t\t<div class=\"elementor-widget-wrap elementor-element-populated\">\n\t\t\t\t\t\t<div class=\"elementor-element elementor-element-0c2052c elementor-widget elementor-widget-heading\" data-id=\"0c2052c\" data-element_type=\"widget\" data-widget_type=\"heading.default\">\n\t\t\t\t<div class=\"elementor-widget-container\">\n\t\t\t\t\t<h6 class=\"elementor-heading-title elementor-size-default\">email<\/h6>\t\t\t\t<\/div>\n\t\t\t\t<\/div>\n\t\t\t\t<div class=\"elementor-element elementor-element-0426e65 elementor-widget elementor-widget-heading\" data-id=\"0426e65\" data-element_type=\"widget\" data-widget_type=\"heading.default\">\n\t\t\t\t<div class=\"elementor-widget-container\">\n\t\t\t\t\t<h6 class=\"elementor-heading-title elementor-size-default\"><a href=\"mailto:jruizcanto@circulodeprevencioncriminal.com\">jruizcanto@circulodeprevencioncriminal.com\n<\/a><\/h6>\t\t\t\t<\/div>\n\t\t\t\t<\/div>\n\t\t\t\t\t<\/div>\n\t\t<\/div>\n\t\t\t\t\t<\/div>\n\t\t<\/section>\n\t\t\t\t<section class=\"elementor-section elementor-inner-section elementor-element elementor-element-30aab30 elementor-section-boxed elementor-section-height-default elementor-section-height-default\" data-id=\"30aab30\" data-element_type=\"section\">\n\t\t\t\t\t\t<div class=\"elementor-container elementor-column-gap-default\">\n\t\t\t\t\t<div class=\"elementor-column elementor-col-100 elementor-inner-column elementor-element elementor-element-ab49bc0\" data-id=\"ab49bc0\" data-element_type=\"column\">\n\t\t\t<div class=\"elementor-widget-wrap elementor-element-populated\">\n\t\t\t\t\t\t<div class=\"elementor-element elementor-element-bba0464 elementor-widget elementor-widget-heading\" data-id=\"bba0464\" data-element_type=\"widget\" data-widget_type=\"heading.default\">\n\t\t\t\t<div class=\"elementor-widget-container\">\n\t\t\t\t\t<h6 class=\"elementor-heading-title elementor-size-default\">Phone<\/h6>\t\t\t\t<\/div>\n\t\t\t\t<\/div>\n\t\t\t\t<div class=\"elementor-element elementor-element-7fac42d elementor-widget elementor-widget-heading\" data-id=\"7fac42d\" data-element_type=\"widget\" data-widget_type=\"heading.default\">\n\t\t\t\t<div class=\"elementor-widget-container\">\n\t\t\t\t\t<h6 class=\"elementor-heading-title elementor-size-default\"><a href=\"tel:(+507)%206212-2205\">(+507) 6212-2205\n<\/a><\/h6>\t\t\t\t<\/div>\n\t\t\t\t<\/div>\n\t\t\t\t\t<\/div>\n\t\t<\/div>\n\t\t\t\t\t<\/div>\n\t\t<\/section>\n\t\t\t\t\t<\/div>\n\t\t<\/div>\n\t\t\t\t\t<\/div>\n\t\t<\/section>\n\t\t\t\t<\/div>","protected":false},"excerpt":{"rendered":"<p>Cont\u00e1ctenos Cont\u00e1ctenos &#8211; Estamos para atenderle Recordar mis datos para comentarios futuros en este navegador. enviar mensaje Direcci\u00f3n La Locer\u00eda, Calle Principal, Casa 50-C email jruizcanto@circulodeprevencioncriminal.com Tel\u00e9fono (+507) 6212-2205<\/p>","protected":false},"author":1,"featured_media":0,"parent":0,"menu_order":0,"comment_status":"closed","ping_status":"closed","template":"elementor_header_footer","meta":{"inline_featured_image":false,"footnotes":""},"class_list":["post-44","page","type-page","status-publish","hentry"],"_links":{"self":[{"href":"https:\/\/circulodeprevencioncriminal.com\/en\/wp-json\/wp\/v2\/pages\/44","targetHints":{"allow":["GET"]}}],"collection":[{"href":"https:\/\/circulodeprevencioncriminal.com\/en\/wp-json\/wp\/v2\/pages"}],"about":[{"href":"https:\/\/circulodeprevencioncriminal.com\/en\/wp-json\/wp\/v2\/types\/page"}],"author":[{"embeddable":true,"href":"https:\/\/circulodeprevencioncriminal.com\/en\/wp-json\/wp\/v2\/users\/1"}],"replies":[{"embeddable":true,"href":"https:\/\/circulodeprevencioncriminal.com\/en\/wp-json\/wp\/v2\/comments?post=44"}],"version-history":[{"count":0,"href":"https:\/\/circulodeprevencioncriminal.com\/en\/wp-json\/wp\/v2\/pages\/44\/revisions"}],"wp:attachment":[{"href":"https:\/\/circulodeprevencioncriminal.com\/en\/wp-json\/wp\/v2\/media?parent=44"}],"curies":[{"name":"wp","href":"https:\/\/api.w.org\/{rel}","templated":true}]}}